{"id":200,"date":"2023-05-16T18:04:16","date_gmt":"2023-05-16T17:04:16","guid":{"rendered":"https:\/\/www.fannitenk.com\/?page_id=200"},"modified":"2025-09-29T17:38:38","modified_gmt":"2025-09-29T16:38:38","slug":"kapcsolat","status":"publish","type":"page","link":"https:\/\/www.fannitenk.com\/?page_id=200","title":{"rendered":"Kapcsolat"},"content":{"rendered":"<p>[et_pb_section fb_built=&#8221;1&#8243; _builder_version=&#8221;4.20.2&#8243; _module_preset=&#8221;default&#8221; background_color=&#8221;#0d0d49&#8243; min_height=&#8221;440.8px&#8221; custom_padding=&#8221;70px|||||&#8221; hover_enabled=&#8221;0&#8243; global_colors_info=&#8221;{}&#8221; sticky_enabled=&#8221;0&#8243;][et_pb_row _builder_version=&#8221;4.27.0&#8243; _module_preset=&#8221;default&#8221;][et_pb_column _builder_version=&#8221;4.27.0&#8243; _module_preset=&#8221;default&#8221; type=&#8221;4_4&#8243;][et_pb_text _builder_version=&#8221;4.27.0&#8243; _module_preset=&#8221;default&#8221; sticky_enabled=&#8221;0&#8243; text_text_color=&#8221;#f0c146&#8243; text_font_size=&#8221;19px&#8221; text_line_height=&#8221;1.8em&#8221; header_2_text_color=&#8221;#c9a700&#8243; width=&#8221;74.4%&#8221; hover_enabled=&#8221;0&#8243; header_font_size=&#8221;40px&#8221; header_text_color=&#8221;#e0b557&#8243;]<\/p>\n<h1>El\u00e9rhet\u0151s\u00e9geim<\/h1>\n<p>[\/et_pb_text][\/et_pb_column][\/et_pb_row][et_pb_row column_structure=&#8221;1_2,1_6,1_6,1_6&#8243; _builder_version=&#8221;4.20.2&#8243; _module_preset=&#8221;default&#8221; hover_enabled=&#8221;0&#8243; global_colors_info=&#8221;{}&#8221; custom_padding=&#8221;1px||0px|34px||&#8221; sticky_enabled=&#8221;0&#8243;][et_pb_column type=&#8221;1_2&#8243; _builder_version=&#8221;4.20.2&#8243; _module_preset=&#8221;default&#8221; global_colors_info=&#8221;{}&#8221;][et_pb_text _builder_version=&#8221;4.27.0&#8243; _module_preset=&#8221;default&#8221; text_text_color=&#8221;#f0c146&#8243; text_font_size=&#8221;28px&#8221; text_line_height=&#8221;1.8em&#8221; header_2_text_color=&#8221;#c9a700&#8243; hover_enabled=&#8221;0&#8243; global_colors_info=&#8221;{}&#8221; width=&#8221;74.4%&#8221; sticky_enabled=&#8221;0&#8243; custom_padding=&#8221;4px|||2px||&#8221;]<\/p>\n<p><a href=\"mailto:hello@fannitenk.hu\"><span style=\"color: #ffffff;\">hello@fannitenk.hu<\/span><\/a><br \/><span style=\"color: #ffffff;\">+36703417027<\/span><\/p>\n<p>[\/et_pb_text][\/et_pb_column][et_pb_column type=&#8221;1_6&#8243; _builder_version=&#8221;4.20.2&#8243; _module_preset=&#8221;default&#8221; global_colors_info=&#8221;{}&#8221;][et_pb_image src=&#8221;https:\/\/www.fannitenk.com\/wp-content\/uploads\/2025\/09\/fb-logo.webp&#8221; _builder_version=&#8221;4.27.0&#8243; _module_preset=&#8221;default&#8221; hover_enabled=&#8221;0&#8243; sticky_enabled=&#8221;0&#8243; title_text=&#8221;fb logo&#8221; custom_margin=&#8221;|||-127px||&#8221; url=&#8221;https:\/\/www.facebook.com\/fanniannatenk&#8221; url_new_window=&#8221;on&#8221;][\/et_pb_image][\/et_pb_column][et_pb_column type=&#8221;1_6&#8243; _builder_version=&#8221;4.20.2&#8243; _module_preset=&#8221;default&#8221; global_colors_info=&#8221;{}&#8221;][et_pb_image src=&#8221;https:\/\/www.fannitenk.com\/wp-content\/uploads\/2025\/09\/insta-logo.webp&#8221; _builder_version=&#8221;4.27.0&#8243; _module_preset=&#8221;default&#8221; title_text=&#8221;-insta logo&#8221; hover_enabled=&#8221;0&#8243; sticky_enabled=&#8221;0&#8243; custom_margin=&#8221;|||-125px||&#8221; url=&#8221;https:\/\/www.instagram.com\/fanni.tenk&#8221; url_new_window=&#8221;on&#8221;][\/et_pb_image][\/et_pb_column][et_pb_column type=&#8221;1_6&#8243; _builder_version=&#8221;4.20.2&#8243; _module_preset=&#8221;default&#8221; global_colors_info=&#8221;{}&#8221;][et_pb_image src=&#8221;https:\/\/www.fannitenk.com\/wp-content\/uploads\/2025\/09\/linkedin-logo.webp&#8221; _builder_version=&#8221;4.27.0&#8243; _module_preset=&#8221;default&#8221; title_text=&#8221;linkedin logo&#8221; hover_enabled=&#8221;0&#8243; sticky_enabled=&#8221;0&#8243; custom_margin=&#8221;|||-120px||&#8221; url=&#8221;www.linkedin.com\/in\/fannianna&#8221; url_new_window=&#8221;on&#8221;][\/et_pb_image][\/et_pb_column][\/et_pb_row][et_pb_row _builder_version=&#8221;4.27.0&#8243; _module_preset=&#8221;default&#8221; custom_margin=&#8221;44px|auto||auto||&#8221; hover_enabled=&#8221;0&#8243; sticky_enabled=&#8221;0&#8243;][et_pb_column _builder_version=&#8221;4.27.0&#8243; _module_preset=&#8221;default&#8221; type=&#8221;4_4&#8243;][et_pb_code _builder_version=&#8221;4.27.0&#8243; _module_preset=&#8221;default&#8221; hover_enabled=&#8221;0&#8243; sticky_enabled=&#8221;0&#8243; box_shadow_style=&#8221;preset1&#8243; box_shadow_blur=&#8221;49px&#8221; box_shadow_spread=&#8221;9px&#8221; box_shadow_color=&#8221;rgba(0,0,0,0.48)&#8221; border_color_all=&#8221;#e0b75e&#8221; border_width_all=&#8221;3px&#8221; custom_padding=&#8221;8px|7px||6px||&#8221;]<iframe <!-- [et_pb_line_break_holder] -->  src=&#8221;https:\/\/www.google.com\/maps\/embed?pb=!1m18!1m12!1m3!1d2689.4870224975523!2d19.06480407631763!3d47.497900196905915!2m3!1f0!2f0!3f0!3m2!1i1024!2i768!4f13.1!3m3!1m2!1s0x4741dc609a2b7cd9%3A0x9e089bbce6e83e0b!2sBudapest%2C%20Kazinczy%20u.%203b%2C%201075!5e0!3m2!1shu!2shu!4v1727623550000!5m2!1shu!2shu&#8221; <!-- [et_pb_line_break_holder] -->  width=&#8221;100%&#8221; <!-- [et_pb_line_break_holder] -->  height=&#8221;400&#8243; <!-- [et_pb_line_break_holder] -->  style=&#8221;border:0;&#8221; <!-- [et_pb_line_break_holder] -->  allowfullscreen=&#8221;&#8221; <!-- [et_pb_line_break_holder] -->  loading=&#8221;lazy&#8221; <!-- [et_pb_line_break_holder] -->  referrerpolicy=&#8221;no-referrer-when-downgrade&#8221;><!-- [et_pb_line_break_holder] --><\/iframe><!-- [et_pb_line_break_holder] -->[\/et_pb_code][\/et_pb_column][\/et_pb_row][\/et_pb_section]<\/p>\n","protected":false},"excerpt":{"rendered":"<p>El\u00e9rhet\u0151s\u00e9geimhello@fannitenk.hu+36703417027<\/p>\n","protected":false},"author":1,"featured_media":0,"parent":0,"menu_order":0,"comment_status":"closed","ping_status":"closed","template":"","meta":{"_et_pb_use_builder":"on","_et_pb_old_content":"","_et_gb_content_width":"","_monsterinsights_skip_tracking":false,"_monsterinsights_sitenote_active":false,"_monsterinsights_sitenote_note":"","_monsterinsights_sitenote_category":0,"footnotes":""},"class_list":["post-200","page","type-page","status-publish","hentry"],"_links":{"self":[{"href":"https:\/\/www.fannitenk.com\/index.php?rest_route=\/wp\/v2\/pages\/200","targetHints":{"allow":["GET"]}}],"collection":[{"href":"https:\/\/www.fannitenk.com\/index.php?rest_route=\/wp\/v2\/pages"}],"about":[{"href":"https:\/\/www.fannitenk.com\/index.php?rest_route=\/wp\/v2\/types\/page"}],"author":[{"embeddable":true,"href":"https:\/\/www.fannitenk.com\/index.php?rest_route=\/wp\/v2\/users\/1"}],"replies":[{"embeddable":true,"href":"https:\/\/www.fannitenk.com\/index.php?rest_route=%2Fwp%2Fv2%2Fcomments&post=200"}],"version-history":[{"count":10,"href":"https:\/\/www.fannitenk.com\/index.php?rest_route=\/wp\/v2\/pages\/200\/revisions"}],"predecessor-version":[{"id":469,"href":"https:\/\/www.fannitenk.com\/index.php?rest_route=\/wp\/v2\/pages\/200\/revisions\/469"}],"wp:attachment":[{"href":"https:\/\/www.fannitenk.com\/index.php?rest_route=%2Fwp%2Fv2%2Fmedia&parent=200"}],"curies":[{"name":"wp","href":"https:\/\/api.w.org\/{rel}","templated":true}]}}