{"id":310,"date":"2024-06-05T13:56:55","date_gmt":"2024-06-05T12:56:55","guid":{"rendered":"https:\/\/www.fannitenk.com\/?page_id=310"},"modified":"2025-09-14T18:11:33","modified_gmt":"2025-09-14T17:11:33","slug":"tenk-fanni-anna","status":"publish","type":"page","link":"https:\/\/www.fannitenk.com\/?page_id=310","title":{"rendered":"Tenk Fanni Anna"},"content":{"rendered":"<p>[et_pb_section fb_built=&#8221;1&#8243; _builder_version=&#8221;4.20.2&#8243; _module_preset=&#8221;default&#8221; background_color=&#8221;#080047&#8243; custom_padding=&#8221;49px||4px|||&#8221; global_colors_info=&#8221;{}&#8221;][et_pb_row _builder_version=&#8221;4.20.2&#8243; _module_preset=&#8221;default&#8221; global_colors_info=&#8221;{}&#8221;][et_pb_column type=&#8221;4_4&#8243; _builder_version=&#8221;4.20.2&#8243; _module_preset=&#8221;default&#8221; global_colors_info=&#8221;{}&#8221;][et_pb_text _builder_version=&#8221;4.20.2&#8243; _module_preset=&#8221;default&#8221; text_font=&#8221;Raleway||||||||&#8221; text_text_color=&#8221;#efd594&#8243; text_font_size=&#8221;25px&#8221; global_colors_info=&#8221;{}&#8221;]<\/p>\n<p style=\"text-align: right;\"><em>,,Ha valaki keresztezi az utunkat, mindig hordoz valamilyen nek\u00fcnk sz\u00f3l\u00f3 \u00fczenetet. V\u00e9letlen tal\u00e1lkoz\u00e1sok nincsenek.\u201d <\/em><\/p>\n<p style=\"text-align: right;\"><em>James Redfield<\/em><\/p>\n<p>[\/et_pb_text][\/et_pb_column][\/et_pb_row][et_pb_row _builder_version=&#8221;4.20.2&#8243; _module_preset=&#8221;default&#8221; global_colors_info=&#8221;{}&#8221;][et_pb_column type=&#8221;4_4&#8243; _builder_version=&#8221;4.20.2&#8243; _module_preset=&#8221;default&#8221; global_colors_info=&#8221;{}&#8221;][et_pb_text _builder_version=&#8221;4.20.2&#8243; _module_preset=&#8221;default&#8221; text_font=&#8221;Raleway||||||||&#8221; text_text_color=&#8221;#E09900&#8243; text_font_size=&#8221;22px&#8221; text_line_height=&#8221;1.5em&#8221; text_orientation=&#8221;justified&#8221; global_colors_info=&#8221;{}&#8221;]<\/p>\n<p><span style=\"color: #efd594;\">Hiszem, hogy az sem v\u00e9letlen, hogy \u00d6n most \u00e9ppen a bemutatkoz\u00f3 oldalamat olvassa. Az \u00e9let alak\u00edtotta \u00fagy, hogy mik\u00f6zben \u00d6n seg\u00edts\u00e9get, t\u00e1mogat\u00f3t keresett, eredm\u00e9nyk\u00e9nt az oldalamra navig\u00e1lt. Lehet, hogy nek\u00fcnk is van egym\u00e1snak sz\u00e1nt \u00fczenet\u00fcnk?<\/span><\/p>\n<p>[\/et_pb_text][\/et_pb_column][\/et_pb_row][\/et_pb_section][et_pb_section fb_built=&#8221;1&#8243; _builder_version=&#8221;4.20.2&#8243; _module_preset=&#8221;default&#8221; background_color=&#8221;#080047&#8243; custom_padding=&#8221;|||2px||&#8221; global_colors_info=&#8221;{}&#8221;][et_pb_row _builder_version=&#8221;4.20.2&#8243; _module_preset=&#8221;default&#8221; custom_padding=&#8221;||0px|||&#8221; global_colors_info=&#8221;{}&#8221;][et_pb_column type=&#8221;4_4&#8243; _builder_version=&#8221;4.20.2&#8243; _module_preset=&#8221;default&#8221; global_colors_info=&#8221;{}&#8221;][et_pb_text _builder_version=&#8221;4.20.2&#8243; _module_preset=&#8221;default&#8221; text_font=&#8221;Raleway||||||||&#8221; text_text_color=&#8221;#FFFFFF&#8221; text_font_size=&#8221;19px&#8221; global_colors_info=&#8221;{}&#8221;]<\/p>\n<p style=\"text-align: justify;\">Kedves \u00c9rdekl\u0151d\u0151m!<\/p>\n<p style=\"text-align: justify;\">K\u00e9rem, engedje meg, hogy p\u00e1r sorban bemutatkozzak! Tenk Fanni Anna vagyok, tan\u00e1csad\u00f3 szakpszichol\u00f3gus, autog\u00e9n tr\u00e9ning gyakorlatvezet\u0151 \u00e9s k\u00e9pz\u00e9sben l\u00e9v\u0151 s\u00e9mater\u00e1pi\u00e1s konzult\u00e1ns.<br \/>Az E\u00f6tv\u00f6s Lor\u00e1nd Tudom\u00e1nyegyetemen szereztem meg az oklevelemet. Tan\u00e1csad\u00f3i munk\u00e1mat mental coach-k\u00e9nt az egyetemi \u00e9veim alatt kezdtem meg. Jelenleg is folyamatosan k\u00e9pzem magam, hogy a klienseimnek azt a magas sz\u00ednvonal\u00fa szolg\u00e1ltat\u00e1st ny\u00fajthassam, amit meg\u00e9rdemelnek.<\/p>\n<p style=\"text-align: justify;\">M\u00e1r a gimn\u00e1ziumi \u00e9veim alatt tudtam, hogy feln\u0151ttk\u00e9nt seg\u00edt\u0151 munk\u00e1t szeretn\u00e9k majd v\u00e9gezni. Fiatal feln\u0151ttkoromt\u00f3l kezdve magam is j\u00e1rtam ter\u00e1pi\u00e1ba \u00e9veken kereszt\u00fcl, valamint egy\u00e9ni \u00f6nismereti saj\u00e1t\u00e9lm\u00e9nyt szereztem. Pszichol\u00f3gusi munk\u00e1m sor\u00e1n nem csak a megszerzett szakmai ismereteimmel \u00e9s tud\u00e1sommal dolgozom, hanem a lelkemmel \u00e9s az egykori saj\u00e1t elakad\u00e1saim megold\u00e1si m\u00f3djaival is. \u00c9pp ez\u00e9rt gondolom oly er\u0151snek a bele\u00e9rz\u0151 k\u00e9pess\u00e9gem \u00e9s a felt\u00e9tel n\u00e9lk\u00fcli elfogad\u00e1som, meg\u00e9rt\u00e9sem is.<\/p>\n<p>[\/et_pb_text][et_pb_text _builder_version=&#8221;4.27.0&#8243; _module_preset=&#8221;default&#8221; text_font=&#8221;Raleway||||||||&#8221; text_text_color=&#8221;#FFFFFF&#8221; text_font_size=&#8221;19px&#8221; header_text_color=&#8221;#E09900&#8243; header_font_size=&#8221;22px&#8221; header_3_text_color=&#8221;#E09900&#8243; custom_margin=&#8221;7px||-1px|||&#8221; custom_padding=&#8221;35px|||||&#8221; global_colors_info=&#8221;{}&#8221;]<\/p>\n<h3>\u00a0<\/h3>\n<h3><span style=\"color: #efd594;\"><strong>Miben tudok seg\u00edteni?<\/strong><\/span><\/h3>\n<h3><span style=\"color: #efd594;\"><strong><\/strong><\/span><\/h3>\n<p>Sz\u00edvesen seg\u00edtem \u00e9s k\u00eds\u00e9rem el a v\u00e1ltoz\u00e1s \u00fatj\u00e1n, ha az al\u00e1bbi ter\u00fcleteken elakad\u00e1st \u00e9szlelt:<\/p>\n<p>\u00c9letvezet\u00e9s<\/p>\n<p>\u00b7 \u00a0 \u00a0 \u00a0 \u00a0 \u00c9letvezet\u00e9si \u00e9s d\u00f6nt\u00e9si neh\u00e9zs\u00e9gek, elakad\u00e1sok<\/p>\n<p>\u00b7 \u00a0 \u00a0 \u00a0 \u00a0 Stresszes \u00e9s szorong\u00e1st kelt\u0151 helyzetek kezel\u00e9se<\/p>\n<p>\u00b7 \u00a0 \u00a0 \u00a0 \u00a0 \u00d6nismeret fejleszt\u00e9se<\/p>\n<p>\u00b7 \u00a0 \u00a0 \u00a0 \u00a0 \u00d6n\u00e9rt\u00e9kel\u00e9si probl\u00e9m\u00e1k, \u00f6nbizalomhi\u00e1ny<\/p>\n<p>\u00b7 \u00a0 \u00a0 \u00a0 \u00a0 Eg\u00e9szs\u00e9gmeg\u0151rz\u00e9s, \u00e9letm\u00f3dv\u00e1lt\u00e1s<\/p>\n<p>T\u00e1rsas kapcsolatok<\/p>\n<p>\u00b7 \u00a0 \u00a0 \u00a0 \u00a0 P\u00e1rkapcsolati neh\u00e9zs\u00e9gek, elakad\u00e1sok<\/p>\n<p>\u00b7 \u00a0 \u00a0 \u00a0 \u00a0 Kommunik\u00e1ci\u00f3s- \u00e9s konfliktuskezel\u00e9si probl\u00e9m\u00e1k<\/p>\n<p>\u00b7 \u00a0 \u00a0 \u00a0 \u00a0 T\u00e1rs\u00e1llat-gy\u00e1szfeldolgoz\u00e1s<\/p>\n<p>Munka, szervezetek vil\u00e1ga<\/p>\n<p>\u00b7 \u00a0 \u00a0 \u00a0 \u00a0 Kapunyit\u00e1si kr\u00edzis, j\u00f6v\u0151t\u0151l val\u00f3 szorong\u00e1s<\/p>\n<p>\u00b7 \u00a0 \u00a0 \u00a0 \u00a0 Motiv\u00e1latlans\u00e1g, c\u00e9ltalans\u00e1g, ki\u00e9g\u00e9s<\/p>\n<p>\u00b7 \u00a0 \u00a0 \u00a0 \u00a0 Teljes\u00edtm\u00e9ny-probl\u00e9m\u00e1k, perfekcionizmus<\/p>\n<p>\u00b7 \u00a0 \u00a0 \u00a0 \u00a0 Munka-mag\u00e1n\u00e9let egyens\u00faly megtart\u00e1s\u00e1nak neh\u00e9zs\u00e9gei<\/p>\n<p>\u00b7 \u00a0 \u00a0 \u00a0 \u00a0 Munkahelyi probl\u00e9m\u00e1k kezel\u00e9se<\/p>\n<p>&nbsp;<\/p>\n<p>&nbsp;<\/p>\n<p><span style=\"color: #efd594;\"><\/span><\/p>\n<h3><span style=\"color: #efd594;\"><strong><\/strong><\/span><\/h3>\n<h3><span style=\"color: #efd594;\"><strong><\/strong><\/span><\/h3>\n<h3><span style=\"color: #efd594;\"><strong>Szakmai \u00f6n\u00e9letrajz<\/strong><\/span><\/h3>\n<p>&nbsp;<\/p>\n<p>Egyetemi v\u00e9gzetts\u00e9geim<\/p>\n<ul>\n<li>Tan\u00e1csad\u00f3 szakpszichol\u00f3gus, Csal\u00e1di \u00e9s p\u00e1rkapcsolati tan\u00e1csad\u00e1s szakir\u00e1ny<br \/>2023 &#8211; 2025<br \/>E\u00f6tv\u00f6s Lor\u00e1nd Tudom\u00e1nyegyetem, Budapest<\/li>\n<li>Okleveles pszichol\u00f3gus, Vezet\u00e9s- \u00e9s szervezetpszichol\u00f3gia szakir\u00e1ny<br \/>2019 \u2013 2021<br \/>E\u00f6tv\u00f6s Lor\u00e1nd Tudom\u00e1nyegyetem, Budapest<\/li>\n<li>Okleveles viselked\u00e9selemz\u0151<br \/>2016 \u2013 2019<br \/>E\u00f6tv\u00f6s Lor\u00e1nd Tudom\u00e1nyegyetem, Budapest<\/li>\n<\/ul>\n<p>&nbsp;<\/p>\n<p>&nbsp;<\/p>\n<p>M\u00f3dszerspecifikus k\u00e9pzetts\u00e9geim<\/p>\n<ul>\n<li>Autog\u00e9n tr\u00e9ning gyakorlatvezet\u0151<br \/>2022 &#8211; 2023<br \/>Magyar Relax\u00e1ci\u00f3s \u00e9s Szimb\u00f3lumter\u00e1pi\u00e1s Egyes\u00fclet, Budapest<\/li>\n<li>S\u00e9mater\u00e1pi\u00e1s konzult\u00e1ns-jel\u00f6lt<br \/>2022 &#8211; jelenleg is<br \/>Magyar Viselked\u00e9s-, Kognit\u00edv \u00e9s S\u00e9mater\u00e1pi\u00e1s Egyes\u00fclet, Budapest<br \/>&#8211; Alapoz\u00f3 Modul &#8211; Propedeutikai \u00e9s s\u00e9mater\u00e1pi\u00e1s alapok, 2022. febru\u00e1r<br \/>&#8211; 1. Modul &#8211; \u00c1ltal\u00e1nos S\u00e9ma \u00e9s M\u00f3dmodell, 2022. febru\u00e1r<br \/>&#8211; 2. Modul &#8211; S\u00e9mater\u00e1pi\u00e1s technik\u00e1k alkalmaz\u00e1sa a s\u00e9makonzult\u00e1ns munka sor\u00e1n, 2022. okt\u00f3ber<br \/>&#8211; 3. Modul &#8211; Csoportos s\u00e9mater\u00e1pi\u00e1s \u00f6nismeret, 2022. \u00e1prilis<br \/>&#8211; 4. Modul &#8211; Csoportos szuperv\u00edzi\u00f3, 2023. m\u00e1jus<\/li>\n<\/ul>\n<p>&nbsp;<\/p>\n<p>&nbsp;<\/p>\n<p>Szakmai tapasztalataim<\/p>\n<ul>\n<li>Tan\u00e1csad\u00f3 szakpszichol\u00f3gus &#8211; egy\u00e9ni \u00e9s csoportos pszichol\u00f3giai tan\u00e1csad\u00e1s<br \/>2025 &#8211; jelenleg is<br \/>Budapest \u00e9s online<\/li>\n<li>Pszichol\u00f3gus, Mental Coach, Szervezetfejleszt\u00e9si tan\u00e1csad\u00f3<br \/>2021 \u2013 2025<br \/>Budapest \u00e9s online<\/li>\n<li>Gyakornok \u2013 vezet\u00e9s- \u00e9s szervezetfejleszt\u00e9s szakmai terepgyakorlat<br \/>2021<br \/>S\u00e4mling Solution Consulting Kft., Budapest<\/li>\n<li>Mental coach &#8211; egy\u00e9ni \u00e9s csoportos tan\u00e1csad\u00e1s<br \/>2020 \u2013 2021<br \/>Budapest \u00e9s online<\/li>\n<li>Tansz\u00e9ki demonstr\u00e1tor \u2013 Szervezet- \u00e9s vezet\u00e9spszichol\u00f3giai Tansz\u00e9k<br \/>2020 \u2013 2021<br \/>E\u00f6tv\u00f6s Lor\u00e1nd Tudom\u00e1nyegyetem, Budapest<\/li>\n<li>Gyakornok \u2013 Pszichol\u00f3giai Oszt\u00e1ly<br \/>2019<br \/>F\u0151v\u00e1rosi Katasztr\u00f3fav\u00e9delmi Igazgat\u00f3s\u00e1g, Budapest<\/li>\n<\/ul>\n<p>&nbsp;<\/p>\n<h3><span style=\"color: #efd594;\">Szuperv\u00edzoraim:<\/span><\/h3>\n<ul>\n<li><span style=\"font-size: 19px; color: #ffffff;\">Dr. Szalai Katalin &#8211; Klinikai szakpszichol\u00f3gus<\/span><\/li>\n<\/ul>\n<ul>\n<li>\n<p>Bir\u00f3 Gergely &#8211; Feln\u0151tt klinikai \u00e9s ment\u00e1lhigi\u00e9n\u00e9i szakpszichol\u00f3gus, pszichoterapeuta, integrat\u00edv m\u00f3dszerspecifikus terapeuta, CBT terapeuta, VIKOTE CBT kik\u00e9pz\u0151 terapeuta<\/p>\n<\/li>\n<\/ul>\n<p>&nbsp;<\/p>\n<p>[\/et_pb_text][et_pb_text _builder_version=&#8221;4.20.2&#8243; _module_preset=&#8221;default&#8221; text_font=&#8221;Raleway||||||||&#8221; text_text_color=&#8221;#FFFFFF&#8221; text_font_size=&#8221;19px&#8221; header_text_color=&#8221;#E09900&#8243; header_font_size=&#8221;22px&#8221; header_3_text_color=&#8221;#E09900&#8243; custom_margin=&#8221;7px|||||&#8221; custom_padding=&#8221;35px|||||&#8221; global_colors_info=&#8221;{}&#8221;]<\/p>\n<h3><span style=\"color: #efd594;\">\u00d6nismereti saj\u00e1t\u00e9lm\u00e9nyeim:<\/span><\/h3>\n<ul>\n<li>Egy\u00e9ni folyamat<br \/>\u00b7 S\u00e9mater\u00e1pia &#8211; 150+ \u00f3ra<br \/>\u00b7 Kognit\u00edv viselked\u00e9ster\u00e1pia &#8211; 250+ \u00f3ra<\/li>\n<li>Csoportos folyamat<br \/>\u00b7 Autog\u00e9n tr\u00e9ning saj\u00e1t\u00e9lm\u00e9ny &#8211; 100 \u00f3ra<br \/>\u00b7 S\u00e9mater\u00e1pi\u00e1s \u00f6nismeret &#8211; 10+ \u00f3ra<br \/>\u00b7 Individu\u00e1lpszichol\u00f3giai \u00f6nismeret &#8211; 150 \u00f3ra<\/li>\n<\/ul>\n<p>&nbsp;<\/p>\n<h3><span style=\"color: #efd594;\">Tags\u00e1gaim:<span style=\"color: #ffffff;\"><\/span><\/span><\/h3>\n<p><span style=\"color: #efd594;\"><span style=\"color: #ffffff;\"><\/span><\/span><\/p>\n<ul>\n<li>Magyar Viselked\u00e9s-, Kognit\u00edv \u00e9s S\u00e9mater\u00e1pi\u00e1s Egyes\u00fclet, Budapest<br \/>2025 &#8211; jelenleg is<\/li>\n<li>Magyar Relax\u00e1ci\u00f3s \u00e9s Szimb\u00f3lumter\u00e1pi\u00e1s Egyes\u00fclet, Budapest<br \/>2022 &#8211; jelenleg is<\/li>\n<li>MV\u00dcK &#8211; Magyar V\u00e1llalatvezet\u0151k \u00dczleti K\u00f6z\u00f6ss\u00e9ge, Budapest<br \/>2023 &#8211; 2024<\/li>\n<\/ul>\n<p><span style=\"color: #efd594;\"><span style=\"color: #ffffff;\"><\/span><\/span><\/p>\n<p>&nbsp;<\/p>\n<p>&nbsp;<\/p>\n<p>[\/et_pb_text][\/et_pb_column][\/et_pb_row][\/et_pb_section]<\/p>\n","protected":false},"excerpt":{"rendered":"<p>,,Ha valaki keresztezi az utunkat, mindig hordoz valamilyen nek\u00fcnk sz\u00f3l\u00f3 \u00fczenetet. V\u00e9letlen tal\u00e1lkoz\u00e1sok nincsenek.\u201d James RedfieldHiszem, hogy az sem v\u00e9letlen, hogy \u00d6n most \u00e9ppen a bemutatkoz\u00f3 oldalamat olvassa. Az \u00e9let alak\u00edtotta \u00fagy, hogy mik\u00f6zben \u00d6n seg\u00edts\u00e9get, t\u00e1mogat\u00f3t keresett, eredm\u00e9nyk\u00e9nt az oldalamra navig\u00e1lt. Lehet, hogy nek\u00fcnk is van egym\u00e1snak sz\u00e1nt \u00fczenet\u00fcnk?Kedves \u00c9rdekl\u0151d\u0151m! K\u00e9rem, engedje meg, hogy [&hellip;]<\/p>\n","protected":false},"author":2,"featured_media":0,"parent":0,"menu_order":0,"comment_status":"closed","ping_status":"closed","template":"","meta":{"_et_pb_use_builder":"on","_et_pb_old_content":"","_et_gb_content_width":"","_monsterinsights_skip_tracking":false,"_monsterinsights_sitenote_active":false,"_monsterinsights_sitenote_note":"","_monsterinsights_sitenote_category":0,"footnotes":""},"class_list":["post-310","page","type-page","status-publish","hentry"],"_links":{"self":[{"href":"https:\/\/www.fannitenk.com\/index.php?rest_route=\/wp\/v2\/pages\/310","targetHints":{"allow":["GET"]}}],"collection":[{"href":"https:\/\/www.fannitenk.com\/index.php?rest_route=\/wp\/v2\/pages"}],"about":[{"href":"https:\/\/www.fannitenk.com\/index.php?rest_route=\/wp\/v2\/types\/page"}],"author":[{"embeddable":true,"href":"https:\/\/www.fannitenk.com\/index.php?rest_route=\/wp\/v2\/users\/2"}],"replies":[{"embeddable":true,"href":"https:\/\/www.fannitenk.com\/index.php?rest_route=%2Fwp%2Fv2%2Fcomments&post=310"}],"version-history":[{"count":7,"href":"https:\/\/www.fannitenk.com\/index.php?rest_route=\/wp\/v2\/pages\/310\/revisions"}],"predecessor-version":[{"id":420,"href":"https:\/\/www.fannitenk.com\/index.php?rest_route=\/wp\/v2\/pages\/310\/revisions\/420"}],"wp:attachment":[{"href":"https:\/\/www.fannitenk.com\/index.php?rest_route=%2Fwp%2Fv2%2Fmedia&parent=310"}],"curies":[{"name":"wp","href":"https:\/\/api.w.org\/{rel}","templated":true}]}}