{"id":525,"date":"2025-09-30T15:40:57","date_gmt":"2025-09-30T14:40:57","guid":{"rendered":"https:\/\/www.fannitenk.com\/?page_id=525"},"modified":"2025-09-30T15:45:55","modified_gmt":"2025-09-30T14:45:55","slug":"cookie-szabalyzat-eu","status":"publish","type":"page","link":"https:\/\/www.fannitenk.com\/?page_id=525","title":{"rendered":"Cookie szab\u00e1lyzat (EU)"},"content":{"rendered":"<p>[et_pb_section fb_built=&#8221;1&#8243; _builder_version=&#8221;4.27.0&#8243; _module_preset=&#8221;default&#8221; global_colors_info=&#8221;{}&#8221;][et_pb_row _builder_version=&#8221;4.27.0&#8243; _module_preset=&#8221;default&#8221; global_colors_info=&#8221;{}&#8221;][et_pb_column type=&#8221;4_4&#8243; _builder_version=&#8221;4.27.0&#8243; _module_preset=&#8221;default&#8221; global_colors_info=&#8221;{}&#8221;][et_pb_text _builder_version=&#8221;4.27.0&#8243; _module_preset=&#8221;default&#8221; hover_enabled=&#8221;0&#8243; global_colors_info=&#8221;{}&#8221; sticky_enabled=&#8221;0&#8243;]<\/p>\n<h1>Cookie Szab\u00e1lyzat (EU)<\/h1>\n<p>Ez a Cookie Szab\u00e1lyzat utolj\u00e1ra friss\u00edtve: <strong>2025.09.30.<\/strong> \u00e9s az Eur\u00f3pai Gazdas\u00e1gi T\u00e9rs\u00e9g (EGT) \u00e9s Sv\u00e1jc \u00e1llampolg\u00e1raira \u00e9s \u00e1lland\u00f3 lakosaira vonatkozik.<\/p>\n<h2>1. Bevezet\u00e9s<\/h2>\n<p>A weboldalunk, <a href=\"https:\/\/www.fannitenk.com\">https:\/\/www.fannitenk.com<\/a> (a tov\u00e1bbiakban: \u201eweboldal\u201d) s\u00fctiket \u00e9s m\u00e1s kapcsol\u00f3d\u00f3 technol\u00f3gi\u00e1kat haszn\u00e1l (a k\u00f6nnyebb \u00e9rthet\u0151s\u00e9g kedv\u00e9\u00e9rt minden technol\u00f3gi\u00e1t \u201es\u00fctinek\u201d nevez\u00fcnk).<br \/>A s\u00fctiket harmadik felek is elhelyezhetik, akikkel egy\u00fcttm\u0171k\u00f6d\u00fcnk.<br \/>Az al\u00e1bbi dokumentumban t\u00e1j\u00e9koztatunk a s\u00fctik haszn\u00e1lat\u00e1r\u00f3l a weboldalunkon.<\/p>\n<h2>2. Mik azok a s\u00fctik?<\/h2>\n<p>A s\u00fcti egy kis, egyszer\u0171 f\u00e1jl, amelyet a weboldalunkkal egy\u00fctt k\u00fcld\u00fcnk, \u00e9s a b\u00f6ng\u00e9sz\u0151d t\u00e1rol a sz\u00e1m\u00edt\u00f3g\u00e9peden vagy m\u00e1s eszk\u00f6z\u00f6d\u00f6n. Az \u00edgy t\u00e1rolt inform\u00e1ci\u00f3t egy k\u00e9s\u0151bbi l\u00e1togat\u00e1s alkalm\u00e1val visszak\u00fcldhetj\u00fck a szervereinknek, vagy az \u00e9rintett harmadik felek szervereinek.<\/p>\n<h2>3. Mik azok a szkriptek?<\/h2>\n<p>A szkript egy programk\u00f3d, amely lehet\u0151v\u00e9 teszi, hogy weboldalunk megfelel\u0151en m\u0171k\u00f6dj\u00f6n \u00e9s interakt\u00edv legyen. Ez a k\u00f3d futtathat\u00f3 a saj\u00e1t szerver\u00fcnk\u00f6n vagy az eszk\u00f6z\u00f6d\u00f6n.<\/p>\n<h2>4. Mi az a web beacon?<\/h2>\n<p>A web beacon (vagy pixel tag) egy apr\u00f3, l\u00e1thatatlan sz\u00f6veg vagy k\u00e9p a weboldalon, amely a forgalom figyel\u00e9s\u00e9re szolg\u00e1l. Ez k\u00fcl\u00f6nf\u00e9le adatokat t\u00e1rol r\u00f3lad a weboldal haszn\u00e1lata k\u00f6zben.<\/p>\n<h2>5. S\u00fctik t\u00edpusai<\/h2>\n<h3>5.1 Technikai vagy funkcion\u00e1lis s\u00fctik<\/h3>\n<p>Ezek a s\u00fctik biztos\u00edtj\u00e1k, hogy a weboldal bizonyos r\u00e9szei megfelel\u0151en m\u0171k\u00f6djenek, \u00e9s megjegyzik a be\u00e1ll\u00edt\u00e1saidat.<br \/>P\u00e9ld\u00e1ul \u00edgy nem kell minden l\u00e1togat\u00e1skor \u00fajra megadnod ugyanazt az inform\u00e1ci\u00f3t. Ezek a s\u00fctik <strong>hozz\u00e1j\u00e1rul\u00e1s n\u00e9lk\u00fcl is elhelyezhet\u0151k<\/strong>.<\/p>\n<h3>5.2 Statisztikai s\u00fctik<\/h3>\n<p>Statisztikai s\u00fctiket haszn\u00e1lunk, hogy optimaliz\u00e1ljuk a felhaszn\u00e1l\u00f3i \u00e9lm\u00e9nyt. Ezek seg\u00edts\u00e9g\u00e9vel betekint\u00e9st nyer\u00fcnk abba, hogyan haszn\u00e1lj\u00e1k a l\u00e1togat\u00f3k a weboldalt. Ezek elhelyez\u00e9s\u00e9hez <strong>hozz\u00e1j\u00e1rul\u00e1s sz\u00fcks\u00e9ges<\/strong>.<\/p>\n<h3>5.3 Marketing \/ k\u00f6vet\u0151 s\u00fctik<\/h3>\n<p>A marketing\/k\u00f6vet\u0151 s\u00fctik a felhaszn\u00e1l\u00f3i profilok l\u00e9trehoz\u00e1s\u00e1ra szolg\u00e1lnak, hogy relev\u00e1ns tartalmat vagy hirdet\u00e9seket jelen\u00edtsenek meg, illetve t\u00f6bb weboldalon kereszt\u00fcl k\u00f6vethess\u00e9k a felhaszn\u00e1l\u00f3i viselked\u00e9st. Ezek elhelyez\u00e9s\u00e9hez szint\u00e9n <strong>hozz\u00e1j\u00e1rul\u00e1s sz\u00fcks\u00e9ges<\/strong>.<\/p>\n<h2>6. Haszn\u00e1lt s\u00fctik \u00e9s szolg\u00e1ltat\u00e1sok<\/h2>\n<ul>\n<li><strong>Wistia<\/strong> \u2013 Statisztika, Marketing<\/li>\n<li><strong>WooCommerce<\/strong> \u2013 Funkcion\u00e1lis<\/li>\n<li><strong>WordPress<\/strong> \u2013 Funkcion\u00e1lis<\/li>\n<li><strong>MailChimp<\/strong> \u2013 Statisztika<\/li>\n<li><strong>Sourcebuster JS<\/strong> \u2013 Statisztika<\/li>\n<li><strong>Google Fonts<\/strong> \u2013 Marketing<\/li>\n<li><strong>Google Maps<\/strong> \u2013 Marketing<\/li>\n<li><strong>Egy\u00e9b \/ vegyes s\u00fctik<\/strong> \u2013 vizsg\u00e1lat alatt<\/li>\n<\/ul>\n<h2>7. Hozz\u00e1j\u00e1rul\u00e1s<\/h2>\n<p>Amikor el\u0151sz\u00f6r l\u00e1togatod meg a weboldalunkat, egy felugr\u00f3 ablakban t\u00e1j\u00e9koztatunk a s\u00fctikr\u0151l.<br \/>Amint a \u201eBe\u00e1ll\u00edt\u00e1sok ment\u00e9se\u201d gombra kattintasz, hozz\u00e1j\u00e1rulsz az \u00e1ltalad kiv\u00e1lasztott s\u00fctik \u00e9s pluginek haszn\u00e1lat\u00e1hoz, a jelen szab\u00e1lyzatban le\u00edrtak szerint.<\/p>\n<p>A b\u00f6ng\u00e9sz\u0151dben b\u00e1rmikor letilthatod a s\u00fctik haszn\u00e1lat\u00e1t, de k\u00e9rj\u00fck, vedd figyelembe, hogy a weboldal \u00edgy nem felt\u00e9tlen\u00fcl m\u0171k\u00f6dik megfelel\u0151en.<\/p>\n<h2>8. S\u00fctik enged\u00e9lyez\u00e9se\/letilt\u00e1sa \u00e9s t\u00f6rl\u00e9se<\/h2>\n<p>A b\u00f6ng\u00e9sz\u0151d seg\u00edts\u00e9g\u00e9vel automatikusan vagy k\u00e9zzel t\u00f6r\u00f6lheted a s\u00fctiket. Be\u00e1ll\u00edthatod azt is, hogy bizonyos s\u00fctik ne ker\u00fcljenek elhelyez\u00e9sre, vagy hogy minden egyes s\u00fcti elhelyez\u00e9s\u00e9r\u0151l \u00e9rtes\u00edt\u00e9st kapj.<\/p>\n<p>Fontos: ha minden s\u00fctit letiltasz, el\u0151fordulhat, hogy a weboldal nem m\u0171k\u00f6dik megfelel\u0151en.<br \/>Amikor \u00fajra megl\u00e1togatod az oldalt \u00e9s hozz\u00e1j\u00e1rulsz, a s\u00fctik ism\u00e9t elhelyez\u00e9sre ker\u00fclnek.<\/p>\n<h2>9. Szem\u00e9lyes adataiddal kapcsolatos jogaid<\/h2>\n<p>A szem\u00e9lyes adataiddal kapcsolatban a k\u00f6vetkez\u0151 jogok illetnek meg:<\/p>\n<ul>\n<li><strong>T\u00e1j\u00e9koztat\u00e1shoz val\u00f3 jog:<\/strong> tudnod kell, mi\u00e9rt van sz\u00fcks\u00e9g az adataidra, hogyan haszn\u00e1ljuk, \u00e9s mennyi ideig t\u00e1roljuk.<\/li>\n<li><strong>Hozz\u00e1f\u00e9r\u00e9s joga:<\/strong> betekint\u00e9st k\u00e9rhetsz a n\u00e1lunk kezelt adataidba.<\/li>\n<li><strong>Helyesb\u00edt\u00e9s joga:<\/strong> k\u00e9rheted adataid kieg\u00e9sz\u00edt\u00e9s\u00e9t, jav\u00edt\u00e1s\u00e1t vagy t\u00f6rl\u00e9s\u00e9t.<\/li>\n<li><strong>Hozz\u00e1j\u00e1rul\u00e1s visszavon\u00e1sa:<\/strong> b\u00e1rmikor visszavonhatod a hozz\u00e1j\u00e1rul\u00e1sod, \u00e9s t\u00f6r\u00f6ltetheted az adataidat.<\/li>\n<li><strong>Adathordozhat\u00f3s\u00e1g joga:<\/strong> k\u00e9rheted az \u00f6sszes adatod tov\u00e1bb\u00edt\u00e1s\u00e1t m\u00e1s adatkezel\u0151h\u00f6z.<\/li>\n<li><strong>Tiltakoz\u00e1shoz val\u00f3 jog:<\/strong> tiltakozhatsz az adataid kezel\u00e9se ellen. Ezt tiszteletben tartjuk, kiv\u00e9ve, ha jogszab\u00e1ly m\u00e1sk\u00e9nt rendelkezik.<\/li>\n<\/ul>\n<p>A jogaid gyakorl\u00e1s\u00e1hoz fordulj hozz\u00e1nk a lenti el\u00e9rhet\u0151s\u00e9geken.<br \/>Ha panaszod van az adatkezel\u00e9ssel kapcsolatban, fordulhatsz a <strong>Nemzeti Adatv\u00e9delmi \u00e9s Inform\u00e1ci\u00f3szabads\u00e1g Hat\u00f3s\u00e1ghoz (NAIH)<\/strong> is.<\/p>\n<h2>10. Kapcsolat<\/h2>\n<p>Ha k\u00e9rd\u00e9sed van vagy \u00e9szrev\u00e9teled a Cookie Szab\u00e1lyzattal kapcsolatban, az al\u00e1bbi el\u00e9rhet\u0151s\u00e9gen tudsz kapcsolatba l\u00e9pni vel\u00fcnk:<\/p>\n<p><strong>E-mail:<\/strong> <a href=\"mailto:info@fannitenk.com\">info@fannitenk.com<\/a><br \/><strong>Weboldal:<\/strong> <a href=\"https:\/\/www.fannitenk.com\">https:\/\/www.fannitenk.com<\/a><\/p>\n<p>[\/et_pb_text][\/et_pb_column][\/et_pb_row][\/et_pb_section]<\/p>\n","protected":false},"excerpt":{"rendered":"<p>Cookie Szab\u00e1lyzat (EU) Ez a Cookie Szab\u00e1lyzat utolj\u00e1ra friss\u00edtve: 2025.09.30. \u00e9s az Eur\u00f3pai Gazdas\u00e1gi T\u00e9rs\u00e9g (EGT) \u00e9s Sv\u00e1jc \u00e1llampolg\u00e1raira \u00e9s \u00e1lland\u00f3 lakosaira vonatkozik. 1. Bevezet\u00e9s A weboldalunk, https:\/\/www.fannitenk.com (a tov\u00e1bbiakban: \u201eweboldal\u201d) s\u00fctiket \u00e9s m\u00e1s kapcsol\u00f3d\u00f3 technol\u00f3gi\u00e1kat haszn\u00e1l (a k\u00f6nnyebb \u00e9rthet\u0151s\u00e9g kedv\u00e9\u00e9rt minden technol\u00f3gi\u00e1t \u201es\u00fctinek\u201d nevez\u00fcnk).A s\u00fctiket harmadik felek is elhelyezhetik, akikkel egy\u00fcttm\u0171k\u00f6d\u00fcnk.Az al\u00e1bbi dokumentumban t\u00e1j\u00e9koztatunk [&hellip;]<\/p>\n","protected":false},"author":2,"featured_media":0,"parent":0,"menu_order":0,"comment_status":"closed","ping_status":"closed","template":"","meta":{"_et_pb_use_builder":"on","_et_pb_old_content":"","_et_gb_content_width":"","_monsterinsights_skip_tracking":false,"_monsterinsights_sitenote_active":false,"_monsterinsights_sitenote_note":"","_monsterinsights_sitenote_category":0,"footnotes":""},"class_list":["post-525","page","type-page","status-publish","hentry"],"_links":{"self":[{"href":"https:\/\/www.fannitenk.com\/index.php?rest_route=\/wp\/v2\/pages\/525","targetHints":{"allow":["GET"]}}],"collection":[{"href":"https:\/\/www.fannitenk.com\/index.php?rest_route=\/wp\/v2\/pages"}],"about":[{"href":"https:\/\/www.fannitenk.com\/index.php?rest_route=\/wp\/v2\/types\/page"}],"author":[{"embeddable":true,"href":"https:\/\/www.fannitenk.com\/index.php?rest_route=\/wp\/v2\/users\/2"}],"replies":[{"embeddable":true,"href":"https:\/\/www.fannitenk.com\/index.php?rest_route=%2Fwp%2Fv2%2Fcomments&post=525"}],"version-history":[{"count":3,"href":"https:\/\/www.fannitenk.com\/index.php?rest_route=\/wp\/v2\/pages\/525\/revisions"}],"predecessor-version":[{"id":530,"href":"https:\/\/www.fannitenk.com\/index.php?rest_route=\/wp\/v2\/pages\/525\/revisions\/530"}],"wp:attachment":[{"href":"https:\/\/www.fannitenk.com\/index.php?rest_route=%2Fwp%2Fv2%2Fmedia&parent=525"}],"curies":[{"name":"wp","href":"https:\/\/api.w.org\/{rel}","templated":true}]}}